{"id":6724,"date":"2024-01-02T23:16:41","date_gmt":"2024-01-02T23:16:41","guid":{"rendered":"https:\/\/simterac.ro\/kapcsolat\/"},"modified":"2024-07-16T11:14:34","modified_gmt":"2024-07-16T11:14:34","slug":"kapcsolat","status":"publish","type":"page","link":"https:\/\/simterac.ro\/hu\/kapcsolat\/","title":{"rendered":"Kapcsolat"},"content":{"rendered":"\t\t<div data-elementor-type=\"wp-page\" data-elementor-id=\"6724\" class=\"elementor elementor-6724 elementor-2597\">\n\t\t\t\t<div class=\"elementor-element elementor-element-7171cff e-con-full e-flex lakit-col-width-auto-no e-container e-root-container elementor-top-section e-con e-parent\" data-id=\"7171cff\" data-element_type=\"container\" data-core-v316-plus=\"true\">\n\t\t<div class=\"elementor-element elementor-element-0baec6e e-flex e-con-boxed lakit-col-width-auto-no e-container e-con e-child\" data-id=\"0baec6e\" data-element_type=\"container\">\n\t\t\t\t\t<div class=\"e-con-inner\">\n\t\t\t\t<div class=\"elementor-element elementor-element-c38fe2d lakit-breadcrumbs-align-right lakit-breadcrumbs-align-mobile-center elementor-widget lastudio-kit elementor-lakit-breadcrumbs\" data-id=\"c38fe2d\" data-element_type=\"widget\" data-widget_type=\"lakit-breadcrumbs.default\">\n\t\t\t\t<div class=\"elementor-widget-container\">\n\t\t\t<style>.lakit-breadcrumbs{display:flex;flex-direction:column}.lakit-breadcrumbs-page-title-yes.lakit-breadcrumbs-align-justify .lakit-breadcrumbs{flex-direction:row;justify-content:space-between;align-items:center}.lakit-breadcrumbs-page-title-yes.lakit-breadcrumbs-align-justify .lakit-breadcrumbs__content,.lakit-breadcrumbs-page-title-yes.lakit-breadcrumbs-align-justify .lakit-breadcrumbs__title{flex-grow:0}@media (max-width:1024px){.lakit-breadcrumbs-page-title-yes.lakit-breadcrumbs-align-tablet-justify .lakit-breadcrumbs{flex-direction:row;justify-content:space-between;align-items:center}.lakit-breadcrumbs-page-title-yes.lakit-breadcrumbs-align-tablet-justify .lakit-breadcrumbs__content,.lakit-breadcrumbs-page-title-yes.lakit-breadcrumbs-align-tablet-justify .lakit-breadcrumbs__title{flex-grow:0}.lakit-breadcrumbs-page-title-yes.lakit-breadcrumbs-align-tablet-center .lakit-breadcrumbs,.lakit-breadcrumbs-page-title-yes.lakit-breadcrumbs-align-tablet-left .lakit-breadcrumbs,.lakit-breadcrumbs-page-title-yes.lakit-breadcrumbs-align-tablet-right .lakit-breadcrumbs{flex-direction:column;justify-content:flex-start;align-items:stretch}.lakit-breadcrumbs-page-title-yes.lakit-breadcrumbs-align-tablet-center .lakit-breadcrumbs__content,.lakit-breadcrumbs-page-title-yes.lakit-breadcrumbs-align-tablet-center .lakit-breadcrumbs__title,.lakit-breadcrumbs-page-title-yes.lakit-breadcrumbs-align-tablet-left .lakit-breadcrumbs__content,.lakit-breadcrumbs-page-title-yes.lakit-breadcrumbs-align-tablet-left .lakit-breadcrumbs__title,.lakit-breadcrumbs-page-title-yes.lakit-breadcrumbs-align-tablet-right .lakit-breadcrumbs__content,.lakit-breadcrumbs-page-title-yes.lakit-breadcrumbs-align-tablet-right .lakit-breadcrumbs__title{flex-grow:1}}@media (max-width:767px){.lakit-breadcrumbs-page-title-yes.lakit-breadcrumbs-align-mobile-justify .lakit-breadcrumbs{flex-direction:row;justify-content:space-between;align-items:center}.lakit-breadcrumbs-page-title-yes.lakit-breadcrumbs-align-mobile-justify .lakit-breadcrumbs__content,.lakit-breadcrumbs-page-title-yes.lakit-breadcrumbs-align-mobile-justify .lakit-breadcrumbs__title{flex-grow:0}.lakit-breadcrumbs-page-title-yes.lakit-breadcrumbs-align-mobile-center .lakit-breadcrumbs,.lakit-breadcrumbs-page-title-yes.lakit-breadcrumbs-align-mobile-left .lakit-breadcrumbs,.lakit-breadcrumbs-page-title-yes.lakit-breadcrumbs-align-mobile-right .lakit-breadcrumbs{flex-direction:column;justify-content:flex-start;align-items:stretch}.lakit-breadcrumbs-page-title-yes.lakit-breadcrumbs-align-mobile-center .lakit-breadcrumbs__content,.lakit-breadcrumbs-page-title-yes.lakit-breadcrumbs-align-mobile-center .lakit-breadcrumbs__title,.lakit-breadcrumbs-page-title-yes.lakit-breadcrumbs-align-mobile-left .lakit-breadcrumbs__content,.lakit-breadcrumbs-page-title-yes.lakit-breadcrumbs-align-mobile-left .lakit-breadcrumbs__title,.lakit-breadcrumbs-page-title-yes.lakit-breadcrumbs-align-mobile-right .lakit-breadcrumbs__content,.lakit-breadcrumbs-page-title-yes.lakit-breadcrumbs-align-mobile-right .lakit-breadcrumbs__title{flex-grow:1}}.lakit-breadcrumbs__content,.lakit-breadcrumbs__title{flex-grow:1}.lakit-breadcrumbs__title{padding:0;margin:0;border:none;text-align:inherit}.lakit-breadcrumbs__content{font-size:0}.lakit-breadcrumbs__wrap{display:inline}.lakit-breadcrumbs__browse{margin-right:5px}.lakit-breadcrumbs__browse,.lakit-breadcrumbs__item{font-size:14px;display:inline-flex}.lakit-breadcrumbs__item-sep{margin-left:5px;margin-right:5px;font-size:.6em}.lakit-breadcrumbs__item-sep i{display:block;width:1em;height:1em;line-height:1;text-align:center}body.home .elementor-widget-lakit-breadcrumbs:not(.lakit-breadcrumbs-on-front-yes):not(.elementor-element-edit-mode){display:none}<\/style>\n\t\t<div class=\"lakit-breadcrumbs\">\n\t\t<div class=\"lakit-breadcrumbs__content\">\n\t\t<div class=\"lakit-breadcrumbs__wrap\"><div class=\"lakit-breadcrumbs__item\"><a href=\"https:\/\/simterac.ro\/hu\/\" class=\"lakit-breadcrumbs__item-link is-home\" rel=\"home\" title=\"Home\">Home<\/a><\/div>\n\t\t<\/div>\n\t\t<\/div>\n\t\t<\/div>\t\t<\/div>\n\t\t\t\t<\/div>\n\t\t\t\t\t<\/div>\n\t\t\t\t<\/div>\n\t\t<div class=\"elementor-element elementor-element-b27b3ed e-con-full e-flex lakit-col-width-auto-no e-container e-con e-child\" data-id=\"b27b3ed\" data-element_type=\"container\">\n\t\t<div class=\"elementor-element elementor-element-4f5a735 e-con-full e-flex lakit-col-width-auto-no e-container e-con e-child\" data-id=\"4f5a735\" data-element_type=\"container\" data-settings=\"{&quot;background_background&quot;:&quot;classic&quot;}\">\n\t\t\t\t<\/div>\n\t\t<div class=\"elementor-element elementor-element-7593a33 e-con-full e-flex lakit-col-width-auto-no e-container e-con e-child\" data-id=\"7593a33\" data-element_type=\"container\">\n\t\t\t\t<div class=\"elementor-element elementor-element-3c4f8b5 elementor-widget elementor-widget-heading\" data-id=\"3c4f8b5\" data-element_type=\"widget\" data-widget_type=\"heading.default\">\n\t\t\t\t<div class=\"elementor-widget-container\">\n\t\t\t<style>\/*! elementor - v3.20.0 - 11-03-2024 *\/\n.elementor-heading-title{padding:0;margin:0;line-height:1}.elementor-widget-heading .elementor-heading-title[class*=elementor-size-]>a{color:inherit;font-size:inherit;line-height:inherit}.elementor-widget-heading .elementor-heading-title.elementor-size-small{font-size:15px}.elementor-widget-heading .elementor-heading-title.elementor-size-medium{font-size:19px}.elementor-widget-heading .elementor-heading-title.elementor-size-large{font-size:29px}.elementor-widget-heading .elementor-heading-title.elementor-size-xl{font-size:39px}.elementor-widget-heading .elementor-heading-title.elementor-size-xxl{font-size:59px}<\/style><h2 class=\"elementor-heading-title elementor-size-default\">L\u00e9pj kapcsolatba vel\u00fcnk<\/h2>\t\t<\/div>\n\t\t\t\t<\/div>\n\t\t\t\t<div class=\"elementor-element elementor-element-9a024c5 elementor-widget__width-initial elementor-widget lastudio-kit elementor-lakit-contactform7\" data-id=\"9a024c5\" data-element_type=\"widget\" data-widget_type=\"lakit-contactform7.default\">\n\t\t\t\t<div class=\"elementor-widget-container\">\n\t\t\t\n<div class=\"wpcf7 no-js\" id=\"wpcf7-f6736-o1\" lang=\"hu-HU\" dir=\"ltr\">\n<div class=\"screen-reader-response\"><p role=\"status\" aria-live=\"polite\" aria-atomic=\"true\"><\/p> <ul><\/ul><\/div>\n<form action=\"\/hu\/wp-json\/wp\/v2\/pages\/6724#wpcf7-f6736-o1\" method=\"post\" class=\"wpcf7-form init\" aria-label=\"Kapcsolatfelv\u00e9teli \u0171rlap\" novalidate=\"novalidate\" data-status=\"init\">\n<div style=\"display: none;\">\n<input type=\"hidden\" name=\"_wpcf7\" value=\"6736\" \/>\n<input type=\"hidden\" name=\"_wpcf7_version\" value=\"5.9\" \/>\n<input type=\"hidden\" name=\"_wpcf7_locale\" value=\"hu_HU\" \/>\n<input type=\"hidden\" name=\"_wpcf7_unit_tag\" value=\"wpcf7-f6736-o1\" \/>\n<input type=\"hidden\" name=\"_wpcf7_container_post\" value=\"0\" \/>\n<input type=\"hidden\" name=\"_wpcf7_posted_data_hash\" value=\"\" \/>\n<\/div>\n<div class=\"lakit-row\">\n<div class=\"lakit-col\"><span class=\"wpcf7-form-control-wrap\" data-name=\"your-name\"><input size=\"40\" class=\"wpcf7-form-control wpcf7-text wpcf7-validates-as-required\" autocomplete=\"name\" aria-required=\"true\" aria-invalid=\"false\" placeholder=\"A neved*\" value=\"\" type=\"text\" name=\"your-name\" \/><\/span><\/div>\n<\/div>\n<div class=\"lakit-row\">\n<div class=\"lakit-col\"><span class=\"wpcf7-form-control-wrap\" data-name=\"your-email\"><input size=\"40\" class=\"wpcf7-form-control wpcf7-email wpcf7-validates-as-required wpcf7-text wpcf7-validates-as-email\" autocomplete=\"email\" aria-required=\"true\" aria-invalid=\"false\" placeholder=\"E-mail c\u00edm*\" value=\"\" type=\"email\" name=\"your-email\" \/><\/span><\/div>\n<\/div>\n<div class=\"lakit-row\">\n<div class=\"lakit-col\"><span class=\"wpcf7-form-control-wrap\" data-name=\"interested_in\"><select class=\"wpcf7-form-control wpcf7-select wpcf7-validates-as-required\" aria-required=\"true\" aria-invalid=\"false\" name=\"interested_in\"><option value=\"\">Mit szeretn\u00e9l \u00e9p\u00edteni?<\/option><option value=\"K\u00e1lyha\">K\u00e1lyha<\/option><option value=\"Kandall\u00f3\">Kandall\u00f3<\/option><option value=\"Egy\u00e9b\">Egy\u00e9b<\/option><\/select><\/span><\/div>\n<\/div>\n<div class=\"lakit-row\">\n<div class=\"lakit-col\"><span class=\"wpcf7-form-control-wrap\" data-name=\"budget\"><select class=\"wpcf7-form-control wpcf7-select wpcf7-validates-as-required\" aria-required=\"true\" aria-invalid=\"false\" name=\"budget\"><option value=\"\">Milyen k\u00f6lts\u00e9gvet\u00e9sed van?<\/option><option value=\"1000 RON\">1000 RON<\/option><option value=\"2500 RON\">2500 RON<\/option><option value=\"6000 RON\">6000 RON<\/option><\/select><\/span><\/div>\n<\/div>\n<div class=\"lakit-row\">\n<div class=\"lakit-col\"><span class=\"wpcf7-form-control-wrap\" data-name=\"your-message\"><textarea cols=\"40\" rows=\"10\" class=\"wpcf7-form-control wpcf7-textarea\" aria-invalid=\"false\" placeholder=\"\u00dczeneted\" name=\"your-message\"><\/textarea><\/span><\/div>\n<\/div>\n<div class=\"lakit-row\">\n<div class=\"lakit-col text-right\"><input class=\"wpcf7-form-control wpcf7-submit has-spinner\" type=\"submit\" value=\"\u00dczenet k\u00fcld\u00e9se\" \/><\/div>\n<\/div><div class=\"wpcf7-response-output\" aria-hidden=\"true\"><\/div>\n<\/form>\n<\/div>\n\t\t<\/div>\n\t\t\t\t<\/div>\n\t\t\t\t<\/div>\n\t\t\t\t<\/div>\n\t\t\t\t<\/div>\n\t\t\t\t<\/div>\n\t\t","protected":false},"excerpt":{"rendered":"<p>Home L\u00e9pj kapcsolatba vel\u00fcnk Ce dore\u0219ti s\u0103 construie\u0219ti?Sob\u0103\u0218emineuAltceva Ce buget ai* ?1000 RON2500 RON6000 RON<\/p>\n","protected":false},"author":1,"featured_media":0,"parent":0,"menu_order":0,"comment_status":"closed","ping_status":"closed","template":"","meta":{"footnotes":""},"class_list":["post-6724","page","type-page","status-publish","hentry"],"yoast_head":"<!-- This site is optimized with the Yoast SEO plugin v22.4 - https:\/\/yoast.com\/wordpress\/plugins\/seo\/ -->\n<title>Kapcsolat - Simterac<\/title>\n<meta name=\"robots\" content=\"index, follow, max-snippet:-1, max-image-preview:large, max-video-preview:-1\" \/>\n<link rel=\"canonical\" href=\"https:\/\/simterac.ro\/hu\/kapcsolat\/\" \/>\n<meta property=\"og:locale\" content=\"hu_HU\" \/>\n<meta property=\"og:type\" content=\"article\" \/>\n<meta property=\"og:title\" content=\"Kapcsolat - Simterac\" \/>\n<meta property=\"og:description\" content=\"Home L\u00e9pj kapcsolatba vel\u00fcnk Ce dore\u0219ti s\u0103 construie\u0219ti?Sob\u0103\u0218emineuAltceva Ce buget ai* ?1000 RON2500 RON6000 RON\" \/>\n<meta property=\"og:url\" content=\"https:\/\/simterac.ro\/hu\/kapcsolat\/\" \/>\n<meta property=\"og:site_name\" content=\"Simterac\" \/>\n<meta property=\"article:modified_time\" content=\"2024-07-16T11:14:34+00:00\" \/>\n<meta name=\"twitter:card\" content=\"summary_large_image\" \/>\n<script type=\"application\/ld+json\" class=\"yoast-schema-graph\">{\"@context\":\"https:\/\/schema.org\",\"@graph\":[{\"@type\":\"WebPage\",\"@id\":\"https:\/\/simterac.ro\/hu\/kapcsolat\/\",\"url\":\"https:\/\/simterac.ro\/hu\/kapcsolat\/\",\"name\":\"Kapcsolat - Simterac\",\"isPartOf\":{\"@id\":\"https:\/\/simterac.ro\/hu\/#website\"},\"datePublished\":\"2024-01-02T23:16:41+00:00\",\"dateModified\":\"2024-07-16T11:14:34+00:00\",\"breadcrumb\":{\"@id\":\"https:\/\/simterac.ro\/hu\/kapcsolat\/#breadcrumb\"},\"inLanguage\":\"hu\",\"potentialAction\":[{\"@type\":\"ReadAction\",\"target\":[\"https:\/\/simterac.ro\/hu\/kapcsolat\/\"]}]},{\"@type\":\"BreadcrumbList\",\"@id\":\"https:\/\/simterac.ro\/hu\/kapcsolat\/#breadcrumb\",\"itemListElement\":[{\"@type\":\"ListItem\",\"position\":1,\"name\":\"Prima pagin\u0103\",\"item\":\"https:\/\/simterac.ro\/hu\/otthon\/\"},{\"@type\":\"ListItem\",\"position\":2,\"name\":\"Kapcsolat\"}]},{\"@type\":\"WebSite\",\"@id\":\"https:\/\/simterac.ro\/hu\/#website\",\"url\":\"https:\/\/simterac.ro\/hu\/\",\"name\":\"Simterac\",\"description\":\"Sobe Teracot\u0103 Vadu Cri\u0219ului\",\"publisher\":{\"@id\":\"https:\/\/simterac.ro\/hu\/#organization\"},\"potentialAction\":[{\"@type\":\"SearchAction\",\"target\":{\"@type\":\"EntryPoint\",\"urlTemplate\":\"https:\/\/simterac.ro\/hu\/?s={search_term_string}\"},\"query-input\":\"required name=search_term_string\"}],\"inLanguage\":\"hu\"},{\"@type\":\"Organization\",\"@id\":\"https:\/\/simterac.ro\/hu\/#organization\",\"name\":\"Simterac\",\"url\":\"https:\/\/simterac.ro\/hu\/\",\"logo\":{\"@type\":\"ImageObject\",\"inLanguage\":\"hu\",\"@id\":\"https:\/\/simterac.ro\/hu\/#\/schema\/logo\/image\/\",\"url\":\"https:\/\/simterac.ro\/wp-content\/uploads\/2024\/03\/Group-31@2x.png\",\"contentUrl\":\"https:\/\/simterac.ro\/wp-content\/uploads\/2024\/03\/Group-31@2x.png\",\"width\":1137,\"height\":662,\"caption\":\"Simterac\"},\"image\":{\"@id\":\"https:\/\/simterac.ro\/hu\/#\/schema\/logo\/image\/\"}}]}<\/script>\n<!-- \/ Yoast SEO plugin. -->","yoast_head_json":{"title":"Kapcsolat - Simterac","robots":{"index":"index","follow":"follow","max-snippet":"max-snippet:-1","max-image-preview":"max-image-preview:large","max-video-preview":"max-video-preview:-1"},"canonical":"https:\/\/simterac.ro\/hu\/kapcsolat\/","og_locale":"hu_HU","og_type":"article","og_title":"Kapcsolat - Simterac","og_description":"Home L\u00e9pj kapcsolatba vel\u00fcnk Ce dore\u0219ti s\u0103 construie\u0219ti?Sob\u0103\u0218emineuAltceva Ce buget ai* ?1000 RON2500 RON6000 RON","og_url":"https:\/\/simterac.ro\/hu\/kapcsolat\/","og_site_name":"Simterac","article_modified_time":"2024-07-16T11:14:34+00:00","twitter_card":"summary_large_image","schema":{"@context":"https:\/\/schema.org","@graph":[{"@type":"WebPage","@id":"https:\/\/simterac.ro\/hu\/kapcsolat\/","url":"https:\/\/simterac.ro\/hu\/kapcsolat\/","name":"Kapcsolat - Simterac","isPartOf":{"@id":"https:\/\/simterac.ro\/hu\/#website"},"datePublished":"2024-01-02T23:16:41+00:00","dateModified":"2024-07-16T11:14:34+00:00","breadcrumb":{"@id":"https:\/\/simterac.ro\/hu\/kapcsolat\/#breadcrumb"},"inLanguage":"hu","potentialAction":[{"@type":"ReadAction","target":["https:\/\/simterac.ro\/hu\/kapcsolat\/"]}]},{"@type":"BreadcrumbList","@id":"https:\/\/simterac.ro\/hu\/kapcsolat\/#breadcrumb","itemListElement":[{"@type":"ListItem","position":1,"name":"Prima pagin\u0103","item":"https:\/\/simterac.ro\/hu\/otthon\/"},{"@type":"ListItem","position":2,"name":"Kapcsolat"}]},{"@type":"WebSite","@id":"https:\/\/simterac.ro\/hu\/#website","url":"https:\/\/simterac.ro\/hu\/","name":"Simterac","description":"Sobe Teracot\u0103 Vadu Cri\u0219ului","publisher":{"@id":"https:\/\/simterac.ro\/hu\/#organization"},"potentialAction":[{"@type":"SearchAction","target":{"@type":"EntryPoint","urlTemplate":"https:\/\/simterac.ro\/hu\/?s={search_term_string}"},"query-input":"required name=search_term_string"}],"inLanguage":"hu"},{"@type":"Organization","@id":"https:\/\/simterac.ro\/hu\/#organization","name":"Simterac","url":"https:\/\/simterac.ro\/hu\/","logo":{"@type":"ImageObject","inLanguage":"hu","@id":"https:\/\/simterac.ro\/hu\/#\/schema\/logo\/image\/","url":"https:\/\/simterac.ro\/wp-content\/uploads\/2024\/03\/Group-31@2x.png","contentUrl":"https:\/\/simterac.ro\/wp-content\/uploads\/2024\/03\/Group-31@2x.png","width":1137,"height":662,"caption":"Simterac"},"image":{"@id":"https:\/\/simterac.ro\/hu\/#\/schema\/logo\/image\/"}}]}},"_links":{"self":[{"href":"https:\/\/simterac.ro\/hu\/wp-json\/wp\/v2\/pages\/6724","targetHints":{"allow":["GET"]}}],"collection":[{"href":"https:\/\/simterac.ro\/hu\/wp-json\/wp\/v2\/pages"}],"about":[{"href":"https:\/\/simterac.ro\/hu\/wp-json\/wp\/v2\/types\/page"}],"author":[{"embeddable":true,"href":"https:\/\/simterac.ro\/hu\/wp-json\/wp\/v2\/users\/1"}],"replies":[{"embeddable":true,"href":"https:\/\/simterac.ro\/hu\/wp-json\/wp\/v2\/comments?post=6724"}],"version-history":[{"count":1,"href":"https:\/\/simterac.ro\/hu\/wp-json\/wp\/v2\/pages\/6724\/revisions"}],"predecessor-version":[{"id":6725,"href":"https:\/\/simterac.ro\/hu\/wp-json\/wp\/v2\/pages\/6724\/revisions\/6725"}],"wp:attachment":[{"href":"https:\/\/simterac.ro\/hu\/wp-json\/wp\/v2\/media?parent=6724"}],"curies":[{"name":"wp","href":"https:\/\/api.w.org\/{rel}","templated":true}]}}